{"id":6803,"date":"2022-09-22T23:08:44","date_gmt":"2022-09-22T23:08:44","guid":{"rendered":"https:\/\/mickgb.com\/?page_id=6803"},"modified":"2024-04-12T22:07:30","modified_gmt":"2024-04-12T22:07:30","slug":"fumsa","status":"publish","type":"page","link":"https:\/\/mickgb.com\/en\/fumsa\/","title":{"rendered":"About"},"content":{"rendered":"<p>[et_pb_section fb_built=&#8221;1&#8243; custom_padding_last_edited=&#8221;off|desktop&#8221; admin_label=&#8221;Author Section&#8221; _builder_version=&#8221;4.16&#8243; background_color_gradient_direction=&#8221;90deg&#8221; parallax=&#8221;on&#8221; custom_margin=&#8221;|||&#8221; custom_margin_tablet=&#8221;0px|||&#8221; custom_margin_last_edited=&#8221;off|desktop&#8221; custom_padding=&#8221;100px||100px|&#8221; custom_padding_tablet=&#8221;70px||120px|&#8221; global_colors_info=&#8221;{}&#8221;][et_pb_row _builder_version=&#8221;4.18.0&#8243; max_width=&#8221;800px&#8221; use_custom_width=&#8221;on&#8221; custom_width_px=&#8221;800px&#8221; locked=&#8221;off&#8221; global_colors_info=&#8221;{}&#8221;][et_pb_column type=&#8221;4_4&#8243; _builder_version=&#8221;4.16&#8243; custom_padding=&#8221;|||&#8221; global_colors_info=&#8221;{}&#8221; custom_padding__hover=&#8221;|||&#8221;][et_pb_image src=&#8221;https:\/\/mickgb.com\/wp-content\/uploads\/2022\/09\/IMG-4304-scaled.jpg&#8221; title_text=&#8221;IMG-4304&#8243; align_tablet=&#8221;center&#8221; align_phone=&#8221;&#8221; align_last_edited=&#8221;on|desktop&#8221; _builder_version=&#8221;4.18.0&#8243; max_width=&#8221;120px&#8221; module_alignment=&#8221;center&#8221; border_radii=&#8221;on|50%|50%|50%|50%&#8221; global_colors_info=&#8221;{}&#8221;][\/et_pb_image][et_pb_text admin_label=&#8221;Title&#8221; _builder_version=&#8221;4.16&#8243; text_font=&#8221;Nunito|600|||||||&#8221; text_font_size=&#8221;15px&#8221; header_font=&#8221;||||||||&#8221; header_2_font=&#8221;Abhaya Libre|700|||||||&#8221; header_2_font_size=&#8221;64px&#8221; header_2_line_height=&#8221;1.2em&#8221; header_4_font=&#8221;Nunito|700||on|||||&#8221; header_4_text_color=&#8221;#bda392&#8243; header_4_letter_spacing=&#8221;2px&#8221; header_4_line_height=&#8221;1.8em&#8221; text_orientation=&#8221;center&#8221; custom_margin=&#8221;||40px|&#8221; custom_padding=&#8221;7px||0px|||&#8221; animation_style=&#8221;fade&#8221; animation_direction=&#8221;right&#8221; animation_starting_opacity=&#8221;100%&#8221; header_font_size_tablet=&#8221;40px&#8221; header_font_size_last_edited=&#8221;off|desktop&#8221; header_2_font_size_tablet=&#8221;40px&#8221; header_2_font_size_phone=&#8221;&#8221; header_2_font_size_last_edited=&#8221;on|tablet&#8221; locked=&#8221;off&#8221; global_colors_info=&#8221;{}&#8221;]<\/p>\n<h4><span style=\"color: #000000;\"><strong><span style=\"font-size: large;\"><\/span><\/strong><\/span><\/h4>\n<h4>Scr\u00edbhneoir<\/h4>\n<p><span style=\"color: #000000;\"><strong><span style=\"font-size: large;\"><\/span><\/strong><\/span><\/p>\n<p><span style=\"color: #000000;\"><strong><span style=\"font-size: large;\"><\/span><\/strong><\/span><\/p>\n<p>[\/et_pb_text][et_pb_text admin_label=&#8221;Text&#8221; _builder_version=&#8221;4.16&#8243; text_font=&#8221;Nunito||||||||&#8221; text_font_size=&#8221;18px&#8221; text_line_height=&#8221;1.8em&#8221; header_font=&#8221;||||||||&#8221; text_orientation=&#8221;center&#8221; custom_margin=&#8221;1px|||||&#8221; custom_padding=&#8221;||10px|&#8221; animation_style=&#8221;slide&#8221; animation_direction=&#8221;right&#8221; animation_intensity_slide=&#8221;5%&#8221; animation_starting_opacity=&#8221;100%&#8221; locked=&#8221;off&#8221; global_colors_info=&#8221;{}&#8221;]<\/p>\n<p style=\"text-align: left;\">Miche\u00e1l Bair\u00e9ad is ainm dom agus is \u00c9ireannach m\u00e9 at\u00e1 i mo ch\u00f3na\u00ed sna St\u00e1it Aontaithe le blianta fada.\u00a0 C\u00e9 gur rugadh i gContae Mhaigh Eo m\u00e9,\u00a0 d&#8217;fh\u00e1s me an\u00edos i mBaile \u00c1tha Cliath agus i gCill Chainnigh.\u00a0 Caithim cuid mhaith ama in \u00c9irinn, agus is aoibhinn liom freastal ar thumch\u00farsa\u00ed Gaeilge gach seans a bh\u00edonn agam.\u00a0\u00a0<span><\/span><\/p>\n<p style=\"text-align: left;\"><span>Ar an su\u00edomh seo, t\u00e1 baili\u00fach\u00e1n de mo chol\u00fain tuairim\u00edochta<\/span> ar f\u00e1il (agus a n-aistri\u00fach\u00e1in B\u00e9arla i gc\u00e1s na gceann is d\u00e9ana\u00ed).\u00a0 B\u00edonn an col\u00fan ar f\u00e1il in \u00c9ireann gach seachtain sa nuacht\u00e1n &#8216;The Kilkenny People&#8217;.\u00a0 D&#8217;iarr mo l\u00e9itheoir\u00ed orm mo chol\u00fain a chur ar f\u00e1il d\u00f3ibh ar l\u00edne m\u00e1s f\u00e9idir, agus rinne m\u00e9 \u00e9 sin d\u00edreach!\u00a0 Bain sult as!\u00a0<\/p>\n<p style=\"text-align: left;\">Bh\u00ed an r\u00f3l c\u00e9anna (col\u00fana\u00ed seachtaini\u00fail) ag m&#8217;athair (Peadar Bair\u00e9ad) ar feadh 40 bliain, suas go dt\u00ed 2018, nuair a thosaigh m\u00e9 ag cabhr\u00fa leis ar dt\u00fas, agus ansin ag scr\u00edobh na gcol\u00fan m\u00e9 f\u00e9in.<\/p>\n<p style=\"text-align: left;\">T\u00e1 dh\u00e1 chartlann ar f\u00e1il ar an su\u00edomh: mo chartlann le mo chol\u00fain go l\u00e9ir, agus cartlann m&#8217;athar le 805 d\u00e1 chol\u00fain ann.<\/p>\n<p>[\/et_pb_text][\/et_pb_column][\/et_pb_row][\/et_pb_section]<\/p>\n","protected":false},"excerpt":{"rendered":"<p>Scr\u00edbhneoir Miche\u00e1l Bair\u00e9ad is ainm dom agus is \u00c9ireannach m\u00e9 at\u00e1 i mo ch\u00f3na\u00ed sna St\u00e1it Aontaithe le blianta fada.\u00a0 C\u00e9 gur rugadh i gContae Mhaigh Eo m\u00e9,\u00a0 d&#8217;fh\u00e1s me an\u00edos i mBaile \u00c1tha Cliath agus i gCill Chainnigh.\u00a0 Caithim cuid mhaith ama in \u00c9irinn, agus is aoibhinn liom freastal ar thumch\u00farsa\u00ed Gaeilge gach seans [&hellip;]<\/p>\n","protected":false},"author":1,"featured_media":6762,"parent":0,"menu_order":0,"comment_status":"closed","ping_status":"closed","template":"","meta":{"nf_dc_page":"","_et_pb_use_builder":"on","_et_pb_old_content":"","_et_gb_content_width":"","footnotes":""},"class_list":["post-6803","page","type-page","status-publish","has-post-thumbnail","hentry"],"_links":{"self":[{"href":"https:\/\/mickgb.com\/en\/wp-json\/wp\/v2\/pages\/6803","targetHints":{"allow":["GET"]}}],"collection":[{"href":"https:\/\/mickgb.com\/en\/wp-json\/wp\/v2\/pages"}],"about":[{"href":"https:\/\/mickgb.com\/en\/wp-json\/wp\/v2\/types\/page"}],"author":[{"embeddable":true,"href":"https:\/\/mickgb.com\/en\/wp-json\/wp\/v2\/users\/1"}],"replies":[{"embeddable":true,"href":"https:\/\/mickgb.com\/en\/wp-json\/wp\/v2\/comments?post=6803"}],"version-history":[{"count":5,"href":"https:\/\/mickgb.com\/en\/wp-json\/wp\/v2\/pages\/6803\/revisions"}],"predecessor-version":[{"id":13479,"href":"https:\/\/mickgb.com\/en\/wp-json\/wp\/v2\/pages\/6803\/revisions\/13479"}],"wp:featuredmedia":[{"embeddable":true,"href":"https:\/\/mickgb.com\/en\/wp-json\/wp\/v2\/media\/6762"}],"wp:attachment":[{"href":"https:\/\/mickgb.com\/en\/wp-json\/wp\/v2\/media?parent=6803"}],"curies":[{"name":"wp","href":"https:\/\/api.w.org\/{rel}","templated":true}]}}